{"id":1614,"date":"2023-03-09T12:27:27","date_gmt":"2023-03-09T11:27:27","guid":{"rendered":"https:\/\/tarotmagnetic.fr\/?page_id=1614"},"modified":"2023-09-07T17:12:30","modified_gmt":"2023-09-07T15:12:30","slug":"bienvenue","status":"publish","type":"page","link":"https:\/\/tarotmagnetic.fr\/index.php\/bienvenue\/","title":{"rendered":"Bienvenue !"},"content":{"rendered":"\n<p class=\"has-medium-font-size\" style=\"margin-top:var(--wp--preset--spacing--60);margin-right:var(--wp--preset--spacing--60);margin-bottom:var(--wp--preset--spacing--60);margin-left:var(--wp--preset--spacing--60)\">Corinne, install\u00e9e dans l\u2019Orne, en Normandie, auto entrepreneure, \u00ab&nbsp;tarot reader&nbsp;\u00bb depuis 2016 et accompagnatrice de l&rsquo;humain pendant 15 ann\u00e9es. Actuellement, je vous propose un exercice d&rsquo;introspection gr\u00e2ce aux cartes : Tarot de Marseille, oracle de Belline essentiellement. Vous voulez savoir&#8230; ! Allez, c&rsquo;est parti !<\/p>\n\n\n\n<p class=\"has-medium-font-size\" style=\"margin-top:var(--wp--preset--spacing--60);margin-right:var(--wp--preset--spacing--60);margin-bottom:var(--wp--preset--spacing--60);margin-left:var(--wp--preset--spacing--60)\">Cette exploration vous permettra d&rsquo;\u00eatre en alignement avec votre v\u00e9ritable SOI et de comprendre toutes les possibilit\u00e9s qui vous sont offertes et ce pour quoi vous \u00eates fait. <\/p>\n\n\n\n<p><\/p>\n\n\n\n<figure class=\"wp-block-image alignleft size-large is-resized\"><img decoding=\"async\" loading=\"lazy\" src=\"https:\/\/tarotmagnetic.fr\/wp-content\/uploads\/2023\/05\/photo-limperatrice-1024x683.jpg\" alt=\"\" class=\"wp-image-1671\" width=\"567\" height=\"375\"\/><\/figure>\n\n\n\n<p class=\"has-text-align-center has-luminous-vivid-orange-color has-text-color\" style=\"margin-top:var(--wp--preset--spacing--60);margin-right:var(--wp--preset--spacing--60);margin-bottom:var(--wp--preset--spacing--60);margin-left:var(--wp--preset--spacing--60);font-size:30px;line-height:1.7\">Outil juste et puissant. <\/p>\n\n\n\n<p class=\"has-text-align-center has-luminous-vivid-orange-color has-text-color\" style=\"margin-top:var(--wp--preset--spacing--60);margin-right:var(--wp--preset--spacing--60);margin-bottom:var(--wp--preset--spacing--60);margin-left:var(--wp--preset--spacing--60);font-size:30px;line-height:1.7\">Etre cr\u00e9ateur de son vie !<\/p>\n\n\n\n<p class=\"has-small-font-size\" style=\"margin-top:var(--wp--preset--spacing--60);margin-right:var(--wp--preset--spacing--60);margin-bottom:var(--wp--preset--spacing--60);margin-left:var(--wp--preset--spacing--60)\"> <em>L&rsquo;approche que je consacre avec le TAROT DE MARSEILLE n&rsquo;est pas \u00ab\u00a0divinatoire\u00a0\u00bb. Mais, il met en relief votre PR\u00c9SENT, votre PSYCHISME, votre INCONSCIENT.<\/em>  <\/p>\n\n\n\n<p><\/p>\n\n\n\n<h6 class=\"has-text-align-right has-ast-global-color-1-color has-text-color has-large-font-size\" style=\"text-transform:uppercase\"><strong>Soyez le Mat qui chemine &#8230;<\/strong><\/h6>\n\n\n\n<p class=\"has-luminous-vivid-orange-color has-text-color has-medium-font-size\" style=\"margin-top:var(--wp--preset--spacing--60);margin-right:var(--wp--preset--spacing--60);margin-bottom:var(--wp--preset--spacing--60);margin-left:var(--wp--preset--spacing--60);padding-top:0;padding-right:0;padding-bottom:0;padding-left:0\">&nbsp;&nbsp;&nbsp;&nbsp;&nbsp;&nbsp;&nbsp; <strong>AVEC VOUS<\/strong>, lors de la consultation, j&rsquo;aide \u00e0 voir, \u00e0 scruter, \u00e0 pointer, \u00e0 faire ressortir <strong>le v\u00e9ritable th\u00e8me ou la probl\u00e9matique<\/strong> actuelle. Agir dans la progression d&rsquo;une existence juste : \u00eatre l&rsquo;acteur de votre existence personnelle, professionnelle ou spirituelle. Se montrer.<\/p>\n\n\n\n<p class=\"has-text-align-right has-luminous-vivid-orange-color has-text-color has-large-font-size\" style=\"margin-top:var(--wp--preset--spacing--60);margin-right:var(--wp--preset--spacing--60);margin-bottom:var(--wp--preset--spacing--60);margin-left:var(--wp--preset--spacing--60)\">\u00a0\u00a0\u00a0\u00a0\u00a0\u00a0\u00a0 <\/p>\n\n\n\n<h1 class=\"has-text-align-center has-luminous-vivid-orange-color has-ast-global-color-4-background-color has-text-color has-background has-x-large-font-size\" style=\"margin-top:var(--wp--preset--spacing--60);margin-right:var(--wp--preset--spacing--60);margin-bottom:var(--wp--preset--spacing--60);margin-left:var(--wp--preset--spacing--60);font-style:normal;font-weight:800\"><strong>Osez loin\u00a0!<\/strong><\/h1>\n","protected":false},"excerpt":{"rendered":"<p>Corinne, install\u00e9e dans l\u2019Orne, en Normandie, auto entrepreneure, \u00ab&nbsp;tarot reader&nbsp;\u00bb depuis 2016 et accompagnatrice de l&rsquo;humain pendant 15 ann\u00e9es. Actuellement, je vous propose un exercice d&rsquo;introspection gr\u00e2ce aux cartes : Tarot de Marseille, oracle de Belline essentiellement. Vous voulez savoir&#8230; ! Allez, c&rsquo;est parti ! Cette exploration vous permettra d&rsquo;\u00eatre en alignement avec votre v\u00e9ritable [&hellip;]<\/p>\n","protected":false},"author":1,"featured_media":0,"parent":0,"menu_order":0,"comment_status":"closed","ping_status":"closed","template":"","meta":{"_uag_custom_page_level_css":"","site-sidebar-layout":"default","site-content-layout":"","ast-site-content-layout":"","site-content-style":"default","site-sidebar-style":"default","ast-global-header-display":"","ast-banner-title-visibility":"","ast-main-header-display":"","ast-hfb-above-header-display":"","ast-hfb-below-header-display":"","ast-hfb-mobile-header-display":"","site-post-title":"","ast-breadcrumbs-content":"","ast-featured-img":"","footer-sml-layout":"","theme-transparent-header-meta":"","adv-header-id-meta":"","stick-header-meta":"","header-above-stick-meta":"","header-main-stick-meta":"","header-below-stick-meta":"","astra-migrate-meta-layouts":"default","ast-page-background-enabled":"default","ast-page-background-meta":{"desktop":{"background-color":"","background-image":"","background-repeat":"repeat","background-position":"center center","background-size":"auto","background-attachment":"scroll","background-type":"","background-media":"","overlay-type":"","overlay-color":"","overlay-gradient":""},"tablet":{"background-color":"","background-image":"","background-repeat":"repeat","background-position":"center center","background-size":"auto","background-attachment":"scroll","background-type":"","background-media":"","overlay-type":"","overlay-color":"","overlay-gradient":""},"mobile":{"background-color":"","background-image":"","background-repeat":"repeat","background-position":"center center","background-size":"auto","background-attachment":"scroll","background-type":"","background-media":"","overlay-type":"","overlay-color":"","overlay-gradient":""}},"ast-content-background-meta":{"desktop":{"background-color":"var(--ast-global-color-5)","background-image":"","background-repeat":"repeat","background-position":"center center","background-size":"auto","background-attachment":"scroll","background-type":"","background-media":"","overlay-type":"","overlay-color":"","overlay-gradient":""},"tablet":{"background-color":"var(--ast-global-color-5)","background-image":"","background-repeat":"repeat","background-position":"center center","background-size":"auto","background-attachment":"scroll","background-type":"","background-media":"","overlay-type":"","overlay-color":"","overlay-gradient":""},"mobile":{"background-color":"var(--ast-global-color-5)","background-image":"","background-repeat":"repeat","background-position":"center center","background-size":"auto","background-attachment":"scroll","background-type":"","background-media":"","overlay-type":"","overlay-color":"","overlay-gradient":""}}},"uagb_featured_image_src":{"full":false,"thumbnail":false,"medium":false,"medium_large":false,"large":false,"1536x1536":false,"2048x2048":false},"uagb_author_info":{"display_name":"lamari.juba","author_link":"https:\/\/tarotmagnetic.fr\/index.php\/author\/lamari-juba\/"},"uagb_comment_info":0,"uagb_excerpt":"Corinne, install\u00e9e dans l\u2019Orne, en Normandie, auto entrepreneure, \u00ab&nbsp;tarot reader&nbsp;\u00bb depuis 2016 et accompagnatrice de l&rsquo;humain pendant 15 ann\u00e9es. Actuellement, je vous propose un exercice d&rsquo;introspection gr\u00e2ce aux cartes : Tarot de Marseille, oracle de Belline essentiellement. Vous voulez savoir&#8230; ! Allez, c&rsquo;est parti ! Cette exploration vous permettra d&rsquo;\u00eatre en alignement avec votre v\u00e9ritable\u2026","_links":{"self":[{"href":"https:\/\/tarotmagnetic.fr\/index.php\/wp-json\/wp\/v2\/pages\/1614"}],"collection":[{"href":"https:\/\/tarotmagnetic.fr\/index.php\/wp-json\/wp\/v2\/pages"}],"about":[{"href":"https:\/\/tarotmagnetic.fr\/index.php\/wp-json\/wp\/v2\/types\/page"}],"author":[{"embeddable":true,"href":"https:\/\/tarotmagnetic.fr\/index.php\/wp-json\/wp\/v2\/users\/1"}],"replies":[{"embeddable":true,"href":"https:\/\/tarotmagnetic.fr\/index.php\/wp-json\/wp\/v2\/comments?post=1614"}],"version-history":[{"count":24,"href":"https:\/\/tarotmagnetic.fr\/index.php\/wp-json\/wp\/v2\/pages\/1614\/revisions"}],"predecessor-version":[{"id":1833,"href":"https:\/\/tarotmagnetic.fr\/index.php\/wp-json\/wp\/v2\/pages\/1614\/revisions\/1833"}],"wp:attachment":[{"href":"https:\/\/tarotmagnetic.fr\/index.php\/wp-json\/wp\/v2\/media?parent=1614"}],"curies":[{"name":"wp","href":"https:\/\/api.w.org\/{rel}","templated":true}]}}