{"id":1602,"date":"2023-03-09T12:21:45","date_gmt":"2023-03-09T11:21:45","guid":{"rendered":"https:\/\/tarotmagnetic.fr\/?page_id=1602"},"modified":"2023-09-07T16:25:07","modified_gmt":"2023-09-07T14:25:07","slug":"ma-rencontre-avec-le-tdm","status":"publish","type":"page","link":"https:\/\/tarotmagnetic.fr\/index.php\/ma-rencontre-avec-le-tdm\/","title":{"rendered":"Ma rencontre avec le TDM"},"content":{"rendered":"\n<p>Je veux mettre en relief l\u2019effet d\u00e9clencheur et incroyablement magique du TAROT DE MARSEILLE de Alejandro JODOROWSKY et de Philippe Camoin. Tout de suite fascin\u00e9e d\u00e8s l\u2019acquisition de ces cartes.<\/p>\n\n\n\n<figure class=\"wp-block-image alignright size-large is-resized\"><img decoding=\"async\" loading=\"lazy\" src=\"https:\/\/tarotmagnetic.fr\/wp-content\/uploads\/2023\/05\/20150923_092030-1-768x1024.jpg\" alt=\"\" class=\"wp-image-1680\" width=\"407\" height=\"542\" srcset=\"https:\/\/tarotmagnetic.fr\/wp-content\/uploads\/2023\/05\/20150923_092030-1-768x1024.jpg 768w, https:\/\/tarotmagnetic.fr\/wp-content\/uploads\/2023\/05\/20150923_092030-1-225x300.jpg 225w, https:\/\/tarotmagnetic.fr\/wp-content\/uploads\/2023\/05\/20150923_092030-1.jpg 960w\" sizes=\"(max-width: 407px) 100vw, 407px\" \/><\/figure>\n\n\n\n<p>Tous 2, tarologues et diff\u00e9rents dans leurs approches, leurs savoirs, leurs histoires, ces 2 hommes se sont rencontr\u00e9s \u00e0 un moment particulier de la vie de Philippe CAMOIN. Se sont concert\u00e9s. Ont parcouru des continents \u00e0 la qu\u00eate de ce jeu en vue <strong>de le restaurer<\/strong>. DE LE MAGNIFIER. D\u00e8s lors, s\u2019annon\u00e7ait un travail passionnant de 2 ann\u00e9es.<\/p>\n\n\n\n<p>Leur collaboration nous donne le magnifique r\u00e9sultat que nous connaissons\u00a0\u2026 et principal jeu avec lequel je PRATIQUE mes consultations.<\/p>\n\n\n\n<p class=\"has-luminous-vivid-orange-color has-text-color\"><strong>Depuis 2016, mes ateliers aupr\u00e8s de Philippe Camoin, Emmanuelle Iger, Barbara Clerc et en 2020, ma rencontre avec J\u00e9r\u00f4me Calogerogiannis lors du TAROT FESTIVAL dans le Gers, m\u2019ont permis de d\u00e9velopper de nombreux exercices et de mettre en pratique cette discipline, cette VISION, cet APPUI tarologique, intuitif, num\u00e9rologique\u2026 comme moyen de communication.<\/strong><\/p>\n\n\n\n<p class=\"has-small-font-size\"><em><u>Pour vous faire une id\u00e9e sur le sujet<\/u><\/em>, visitez le Mus\u00e9e fran\u00e7ais de la carte \u00e0 jouer, Cartomancie \u00e0 Issy les Moulineaux et si vous voulez acqu\u00e9rir un bel ouvrage sur le sujet, vous orienter avec \u00ab\u00a0HISTOIRE DU TAROT\u00a0\u00bb d\u2019Isabelle NADOLNY, origines \u2013 iconographie \u2013 symbolisme, Editions Trajectoire. Une p\u00e9pite !<\/p>\n\n\n\n<p class=\"has-text-align-center has-luminous-vivid-orange-color has-text-color has-medium-font-size\">Ludique, permissif, constructif, rigoureux. Et po\u00e9tique&nbsp;!<\/p>\n\n\n\n<p class=\"has-text-align-right has-luminous-vivid-orange-color has-text-color\"><strong>Ainsi, ce langage optique am\u00e8ne \u00e0 ouvrir le champ des possibles.<\/strong><\/p>\n\n\n\n<p class=\"has-text-align-right has-luminous-vivid-orange-color has-text-color\"><strong>Rien n\u2019est d\u00e9finitif.<\/strong><\/p>\n","protected":false},"excerpt":{"rendered":"<p>Je veux mettre en relief l\u2019effet d\u00e9clencheur et incroyablement magique du TAROT DE MARSEILLE de Alejandro JODOROWSKY et de Philippe Camoin. Tout de suite fascin\u00e9e d\u00e8s l\u2019acquisition de ces cartes. Tous 2, tarologues et diff\u00e9rents dans leurs approches, leurs savoirs, leurs histoires, ces 2 hommes se sont rencontr\u00e9s \u00e0 un moment particulier de la vie [&hellip;]<\/p>\n","protected":false},"author":1,"featured_media":0,"parent":0,"menu_order":0,"comment_status":"closed","ping_status":"closed","template":"","meta":{"_uag_custom_page_level_css":"","site-sidebar-layout":"default","site-content-layout":"","ast-site-content-layout":"","site-content-style":"default","site-sidebar-style":"default","ast-global-header-display":"","ast-banner-title-visibility":"","ast-main-header-display":"","ast-hfb-above-header-display":"","ast-hfb-below-header-display":"","ast-hfb-mobile-header-display":"","site-post-title":"","ast-breadcrumbs-content":"","ast-featured-img":"","footer-sml-layout":"","theme-transparent-header-meta":"","adv-header-id-meta":"","stick-header-meta":"","header-above-stick-meta":"","header-main-stick-meta":"","header-below-stick-meta":"","astra-migrate-meta-layouts":"default","ast-page-background-enabled":"default","ast-page-background-meta":{"desktop":{"background-color":"","background-image":"","background-repeat":"repeat","background-position":"center center","background-size":"auto","background-attachment":"scroll","background-type":"","background-media":"","overlay-type":"","overlay-color":"","overlay-gradient":""},"tablet":{"background-color":"","background-image":"","background-repeat":"repeat","background-position":"center center","background-size":"auto","background-attachment":"scroll","background-type":"","background-media":"","overlay-type":"","overlay-color":"","overlay-gradient":""},"mobile":{"background-color":"","background-image":"","background-repeat":"repeat","background-position":"center center","background-size":"auto","background-attachment":"scroll","background-type":"","background-media":"","overlay-type":"","overlay-color":"","overlay-gradient":""}},"ast-content-background-meta":{"desktop":{"background-color":"var(--ast-global-color-5)","background-image":"","background-repeat":"repeat","background-position":"center center","background-size":"auto","background-attachment":"scroll","background-type":"","background-media":"","overlay-type":"","overlay-color":"","overlay-gradient":""},"tablet":{"background-color":"var(--ast-global-color-5)","background-image":"","background-repeat":"repeat","background-position":"center center","background-size":"auto","background-attachment":"scroll","background-type":"","background-media":"","overlay-type":"","overlay-color":"","overlay-gradient":""},"mobile":{"background-color":"var(--ast-global-color-5)","background-image":"","background-repeat":"repeat","background-position":"center center","background-size":"auto","background-attachment":"scroll","background-type":"","background-media":"","overlay-type":"","overlay-color":"","overlay-gradient":""}}},"uagb_featured_image_src":{"full":false,"thumbnail":false,"medium":false,"medium_large":false,"large":false,"1536x1536":false,"2048x2048":false},"uagb_author_info":{"display_name":"lamari.juba","author_link":"https:\/\/tarotmagnetic.fr\/index.php\/author\/lamari-juba\/"},"uagb_comment_info":0,"uagb_excerpt":"Je veux mettre en relief l\u2019effet d\u00e9clencheur et incroyablement magique du TAROT DE MARSEILLE de Alejandro JODOROWSKY et de Philippe Camoin. Tout de suite fascin\u00e9e d\u00e8s l\u2019acquisition de ces cartes. Tous 2, tarologues et diff\u00e9rents dans leurs approches, leurs savoirs, leurs histoires, ces 2 hommes se sont rencontr\u00e9s \u00e0 un moment particulier de la vie\u2026","_links":{"self":[{"href":"https:\/\/tarotmagnetic.fr\/index.php\/wp-json\/wp\/v2\/pages\/1602"}],"collection":[{"href":"https:\/\/tarotmagnetic.fr\/index.php\/wp-json\/wp\/v2\/pages"}],"about":[{"href":"https:\/\/tarotmagnetic.fr\/index.php\/wp-json\/wp\/v2\/types\/page"}],"author":[{"embeddable":true,"href":"https:\/\/tarotmagnetic.fr\/index.php\/wp-json\/wp\/v2\/users\/1"}],"replies":[{"embeddable":true,"href":"https:\/\/tarotmagnetic.fr\/index.php\/wp-json\/wp\/v2\/comments?post=1602"}],"version-history":[{"count":8,"href":"https:\/\/tarotmagnetic.fr\/index.php\/wp-json\/wp\/v2\/pages\/1602\/revisions"}],"predecessor-version":[{"id":1816,"href":"https:\/\/tarotmagnetic.fr\/index.php\/wp-json\/wp\/v2\/pages\/1602\/revisions\/1816"}],"wp:attachment":[{"href":"https:\/\/tarotmagnetic.fr\/index.php\/wp-json\/wp\/v2\/media?parent=1602"}],"curies":[{"name":"wp","href":"https:\/\/api.w.org\/{rel}","templated":true}]}}