{"id":1599,"date":"2023-03-09T12:21:45","date_gmt":"2023-03-09T11:21:45","guid":{"rendered":"https:\/\/tarotmagnetic.fr\/?page_id=1599"},"modified":"2023-09-07T16:13:15","modified_gmt":"2023-09-07T14:13:15","slug":"eclairage-sur-mon-travail","status":"publish","type":"page","link":"https:\/\/tarotmagnetic.fr\/index.php\/eclairage-sur-mon-travail\/","title":{"rendered":"Eclairage sur mon travail"},"content":{"rendered":"\n<p class=\"has-text-align-left has-medium-font-size\">Lire, traduire le tarot permet <strong>d\u2019aborder la probl\u00e9matique du moment, ce pour quoi vous venez vers moi. <\/strong><\/p>\n\n\n\n<p class=\"has-luminous-vivid-orange-color has-text-color has-medium-font-size\">Effectivement, <strong>lors de la consultation, les cartes qui sortent sont le reflet de votre vie du moment. Elles vous sugg\u00e8rent le \u00ab\u00a0comment je peux&#8230;?\u00a0\u00bb d\u2019une fa\u00e7on plus juste<\/strong> et <strong>de vous r\u00e9aliser dans le sujet.<\/strong> De r\u00e9tablir sa position en tant qu&rsquo;\u00eatre humain. De vous valider avec l&rsquo;autre. De choisir. <\/p>\n\n\n\n<p class=\"has-text-align-left has-medium-font-size\">Il s\u2019agit de voir les cartes se r\u00e9pondre. De saisir les liens entre elles. C\u2019est ce qui bluffe bien souvent le consultant&nbsp;!<\/p>\n\n\n\n<p class=\"has-medium-font-size\">Comme un jeu de construction ou un jeu de mots, <strong>c\u2019est un formidable moyen d\u2019acc\u00e9der au langage de l\u2019inconscient<\/strong>. Comme une cartographie, un GPS&nbsp;! Vous \u00eates aux commandes de votre jeu. Le JE prend toute sa place, sa r\u00e9sonnance.<\/p>\n\n\n\n<p class=\"has-text-align-left has-luminous-vivid-orange-color has-text-color has-large-font-size\">Ludique, constructif, rigoureux, permissif. Et po\u00e9tique<\/p>\n\n\n\n<p class=\"has-text-align-center has-luminous-vivid-orange-color has-text-color has-large-font-size\">Vous \u00eates pr\u00eat ?<\/p>\n","protected":false},"excerpt":{"rendered":"<p>Lire, traduire le tarot permet d\u2019aborder la probl\u00e9matique du moment, ce pour quoi vous venez vers moi. Effectivement, lors de la consultation, les cartes qui sortent sont le reflet de votre vie du moment. Elles vous sugg\u00e8rent le \u00ab\u00a0comment je peux&#8230;?\u00a0\u00bb d\u2019une fa\u00e7on plus juste et de vous r\u00e9aliser dans le sujet. De r\u00e9tablir sa [&hellip;]<\/p>\n","protected":false},"author":1,"featured_media":0,"parent":0,"menu_order":0,"comment_status":"closed","ping_status":"closed","template":"","meta":{"_uag_custom_page_level_css":"","site-sidebar-layout":"default","site-content-layout":"","ast-site-content-layout":"","site-content-style":"default","site-sidebar-style":"default","ast-global-header-display":"","ast-banner-title-visibility":"","ast-main-header-display":"","ast-hfb-above-header-display":"","ast-hfb-below-header-display":"","ast-hfb-mobile-header-display":"","site-post-title":"","ast-breadcrumbs-content":"","ast-featured-img":"","footer-sml-layout":"","theme-transparent-header-meta":"","adv-header-id-meta":"","stick-header-meta":"","header-above-stick-meta":"","header-main-stick-meta":"","header-below-stick-meta":"","astra-migrate-meta-layouts":"default","ast-page-background-enabled":"default","ast-page-background-meta":{"desktop":{"background-color":"","background-image":"","background-repeat":"repeat","background-position":"center center","background-size":"auto","background-attachment":"scroll","background-type":"","background-media":"","overlay-type":"","overlay-color":"","overlay-gradient":""},"tablet":{"background-color":"","background-image":"","background-repeat":"repeat","background-position":"center center","background-size":"auto","background-attachment":"scroll","background-type":"","background-media":"","overlay-type":"","overlay-color":"","overlay-gradient":""},"mobile":{"background-color":"","background-image":"","background-repeat":"repeat","background-position":"center center","background-size":"auto","background-attachment":"scroll","background-type":"","background-media":"","overlay-type":"","overlay-color":"","overlay-gradient":""}},"ast-content-background-meta":{"desktop":{"background-color":"var(--ast-global-color-5)","background-image":"","background-repeat":"repeat","background-position":"center center","background-size":"auto","background-attachment":"scroll","background-type":"","background-media":"","overlay-type":"","overlay-color":"","overlay-gradient":""},"tablet":{"background-color":"var(--ast-global-color-5)","background-image":"","background-repeat":"repeat","background-position":"center center","background-size":"auto","background-attachment":"scroll","background-type":"","background-media":"","overlay-type":"","overlay-color":"","overlay-gradient":""},"mobile":{"background-color":"var(--ast-global-color-5)","background-image":"","background-repeat":"repeat","background-position":"center center","background-size":"auto","background-attachment":"scroll","background-type":"","background-media":"","overlay-type":"","overlay-color":"","overlay-gradient":""}}},"uagb_featured_image_src":{"full":false,"thumbnail":false,"medium":false,"medium_large":false,"large":false,"1536x1536":false,"2048x2048":false},"uagb_author_info":{"display_name":"lamari.juba","author_link":"https:\/\/tarotmagnetic.fr\/index.php\/author\/lamari-juba\/"},"uagb_comment_info":0,"uagb_excerpt":"Lire, traduire le tarot permet d\u2019aborder la probl\u00e9matique du moment, ce pour quoi vous venez vers moi. Effectivement, lors de la consultation, les cartes qui sortent sont le reflet de votre vie du moment. Elles vous sugg\u00e8rent le \u00ab\u00a0comment je peux&#8230;?\u00a0\u00bb d\u2019une fa\u00e7on plus juste et de vous r\u00e9aliser dans le sujet. De r\u00e9tablir sa\u2026","_links":{"self":[{"href":"https:\/\/tarotmagnetic.fr\/index.php\/wp-json\/wp\/v2\/pages\/1599"}],"collection":[{"href":"https:\/\/tarotmagnetic.fr\/index.php\/wp-json\/wp\/v2\/pages"}],"about":[{"href":"https:\/\/tarotmagnetic.fr\/index.php\/wp-json\/wp\/v2\/types\/page"}],"author":[{"embeddable":true,"href":"https:\/\/tarotmagnetic.fr\/index.php\/wp-json\/wp\/v2\/users\/1"}],"replies":[{"embeddable":true,"href":"https:\/\/tarotmagnetic.fr\/index.php\/wp-json\/wp\/v2\/comments?post=1599"}],"version-history":[{"count":11,"href":"https:\/\/tarotmagnetic.fr\/index.php\/wp-json\/wp\/v2\/pages\/1599\/revisions"}],"predecessor-version":[{"id":1814,"href":"https:\/\/tarotmagnetic.fr\/index.php\/wp-json\/wp\/v2\/pages\/1599\/revisions\/1814"}],"wp:attachment":[{"href":"https:\/\/tarotmagnetic.fr\/index.php\/wp-json\/wp\/v2\/media?parent=1599"}],"curies":[{"name":"wp","href":"https:\/\/api.w.org\/{rel}","templated":true}]}}